{"id":64,"date":"2015-09-08T20:06:50","date_gmt":"2015-09-08T19:06:50","guid":{"rendered":"http:\/\/www.mickaelarcos.fr\/wordpress4_dumont\/?page_id=64"},"modified":"2018-09-12T22:58:38","modified_gmt":"2018-09-12T21:58:38","slug":"repertoire-solo","status":"publish","type":"page","link":"https:\/\/www.francoisdumont.com\/en\/repertoire-solo\/","title":{"rendered":"R\u00e9pertoire"},"content":{"rendered":"<p><\/p>\n<header class=\"site-content-header site-content-header--secondary\">\n<nav class=\"page-fence\">\n<ul id=\"menu-albums-types\" class=\"menu menu--archive\">\n<li id=\"menu-item-194\" class=\"menu-item menu-item-type-custom menu-item-object-custom current-menu-item first-item menu-item-194\"><a href=\"http:\/\/francoishu.cluster005.ovh.net\/repertoire-solo\/\">Solo<\/a><\/li>\n<li id=\"menu-item-195\" class=\"menu-item menu-item-type-custom menu-item-object-custom menu-item-195\"><a href=\"http:\/\/francoishu.cluster005.ovh.net\/repertoire-concerto\/\">Concerto<\/a><\/li>\n<li id=\"menu-item-196\" class=\"menu-item menu-item-type-custom menu-item-object-custom last-item menu-item-196\"><a href=\"http:\/\/francoishu.cluster005.ovh.net\/repertoire-chambre\/\">Chambre<\/a><\/li>\n<\/ul>\n<\/nav>\n<\/header>\n<h2><\/h2>\n<p><a href=\"http:\/\/www.francoisdumont.com\/wp-content\/uploads\/2015\/09\/banniere-repertoire-chambre2.jpg\"><img loading=\"lazy\" decoding=\"async\" class=\"alignnone wp-image-1013 size-full\" src=\"http:\/\/www.francoisdumont.com\/wp-content\/uploads\/2015\/09\/banniere-repertoire-chambre2.jpg\" alt=\"\" width=\"1600\" height=\"600\" srcset=\"https:\/\/www.francoisdumont.com\/wp-content\/uploads\/2015\/09\/banniere-repertoire-chambre2.jpg 1600w, https:\/\/www.francoisdumont.com\/wp-content\/uploads\/2015\/09\/banniere-repertoire-chambre2-300x113.jpg 300w, https:\/\/www.francoisdumont.com\/wp-content\/uploads\/2015\/09\/banniere-repertoire-chambre2-1024x384.jpg 1024w\" sizes=\"auto, (max-width: 1600px) 100vw, 1600px\" \/><\/a><\/p>\n<h3>1. Liszt &#8211; Ann\u00e9e de p\u00e8lerinage n\u00b0 1 &#8220;Suisse&#8221;<\/h3>\n<p>Chapelle de Guillaume Tell<br \/>\nAu lac de Walenstadt<br \/>\nPastorale<br \/>\nAu bord d&#8217;une source<br \/>\nOrage<br \/>\nVall\u00e9e d&#8217;Obermann<br \/>\n\u00c9glogue (Hirtengesang)<br \/>\nLe Mal du pays<br \/>\nLes Cloches de Gen\u00e8ve<\/p>\n<h3>2. &#8220;La Valse&#8221;<\/h3>\n<p>Weber &#8211; Invitation \u00e0 la valse<br \/>\nBrahms &#8211; Valses Op. 39<br \/>\nChopin &#8211; Valses Op. 18, Op. 64 n\u00b01 et n\u00b02, Op. 34 n\u00b01, Op. 42, Op. 70 n\u00b03<br \/>\nDebussy &#8211; La plus que lente<br \/>\nRavel &#8211; La Valse<\/p>\n<h3>3. &#8220;Impressionnisme et pr\u00e9-impressionnisme&#8221;<\/h3>\n<p>Debussy &#8211; Estampes<br \/>\nLiszt &#8211; Les Jeux d&#8217;eau de la villa d&#8217;Este, Nuages gris, Au bord d&#8217;une source<br \/>\nRavel &#8211; Gaspard de la nuit ou Miroirs<\/p>\n<h3>4. &#8220;Programme russe&#8221;<\/h3>\n<p>Prokofiev &#8211; Sonate n\u00b0 2<br \/>\nScriabine &#8211; Pr\u00e9lude et Nocturne pour la main gauche, Vers la flamme<br \/>\nMoussorgsky &#8211; Tableaux d&#8217;une exposition<\/p>\n<h3>5. Liszt et l&#8217;op\u00e9ra<\/h3>\n<p>Ouverture de Guillaume Tell (Rossini)<br \/>\nR\u00e9miniscences de Norma (Bellini)<br \/>\nLa Danza\u00a0(Rossini)<br \/>\nLes puritains : Introduction et Polonaise (Bellini)<br \/>\nOuverture de Tannh\u00e4user (Wagner)<br \/>\nIsoldens Libestod (Wagner)<\/p>\n<h3>6. R\u00e9cital Chopin<\/h3>\n<p>Impromptus n\u00b01 et n\u00b03<br \/>\nNocturne Op. 48 n\u00b01, Op. 27 n\u00b01 et n\u00b02<br \/>\n3 Mazurkas Op. 50, scherzo n\u00b0 3, Op. 39<br \/>\nBerceuse, Op. 57<br \/>\nBarcarolle, Op 60<br \/>\nPolonaise, Op. 53<br \/>\nSonate n\u00b0 3, Op.58<\/p>\n<h3>8. Janacek, Tanguy, Brahms<\/h3>\n<p>Janacek &#8211; In the mists<br \/>\nTanguy &#8211; Quattro Intermezzi<br \/>\nBrahms &#8211; Intermezzi op. 118<\/p>\n<h3>9. Bach, Beethoven, Schumann<\/h3>\n<p>Bach &#8211; Caprice sur le d\u00e9part de son fr\u00e8re bien-aim\u00e9, BWV 992<br \/>\nBeethoven &#8211; Sonate Op. 111<br \/>\nSchumann &#8211; Carnaval Op. 9<\/p>\n<h3>10. Sonates de Mozart<\/h3>\n<p>L&#8217;int\u00e9grale des sonates pour piano (5 r\u00e9citals)<\/p>\n<h3>11. Ravel<\/h3>\n<p>L&#8217;int\u00e9grale pour piano (2 r\u00e9citals)<\/p>\n<h3>12. Beethoven<\/h3>\n<p>Sonate n\u00b0 5 en ut mineur, Op. 10 n\u00b0 1<br \/>\nSonate n\u00b0 17 en r\u00e9 mineur, Op. 31 n\u00b0 2 &#8220;La Temp\u00eate&#8221;<br \/>\nSonate n\u00b0 32 en ut mineur, Op. 111<\/p>\n<h3>13. Beethoven<\/h3>\n<p>Sonates op. 109, 110, 111<\/p>","protected":false},"excerpt":{"rendered":"<p>Solo Concerto Chambre 1. Liszt &#8211; Ann\u00e9e de p\u00e8lerinage n\u00b0 1 &#8220;Suisse&#8221; Chapelle de Guillaume Tell Au lac de Walenstadt Pastorale Au bord d&#8217;une source Orage Vall\u00e9e d&#8217;Obermann \u00c9glogue (Hirtengesang) Le Mal du pays Les Cloches de Gen\u00e8ve 2. &#8220;La Valse&#8221; Weber &#8211; Invitation \u00e0 la valse Brahms &#8211; Valses Op. 39 Chopin &#8211; Valses [&hellip;]<\/p>\n","protected":false},"author":1,"featured_media":0,"parent":0,"menu_order":8,"comment_status":"closed","ping_status":"closed","template":"templates\/full-width.php","meta":{"jetpack_post_was_ever_published":false,"footnotes":""},"class_list":["post-64","page","type-page","status-publish","hentry"],"jetpack_sharing_enabled":true,"jetpack_shortlink":"https:\/\/wp.me\/P6JzCj-12","_links":{"self":[{"href":"https:\/\/www.francoisdumont.com\/en\/wp-json\/wp\/v2\/pages\/64","targetHints":{"allow":["GET"]}}],"collection":[{"href":"https:\/\/www.francoisdumont.com\/en\/wp-json\/wp\/v2\/pages"}],"about":[{"href":"https:\/\/www.francoisdumont.com\/en\/wp-json\/wp\/v2\/types\/page"}],"author":[{"embeddable":true,"href":"https:\/\/www.francoisdumont.com\/en\/wp-json\/wp\/v2\/users\/1"}],"replies":[{"embeddable":true,"href":"https:\/\/www.francoisdumont.com\/en\/wp-json\/wp\/v2\/comments?post=64"}],"version-history":[{"count":43,"href":"https:\/\/www.francoisdumont.com\/en\/wp-json\/wp\/v2\/pages\/64\/revisions"}],"predecessor-version":[{"id":1233,"href":"https:\/\/www.francoisdumont.com\/en\/wp-json\/wp\/v2\/pages\/64\/revisions\/1233"}],"wp:attachment":[{"href":"https:\/\/www.francoisdumont.com\/en\/wp-json\/wp\/v2\/media?parent=64"}],"curies":[{"name":"wp","href":"https:\/\/api.w.org\/{rel}","templated":true}]}}