{"id":320,"date":"2015-11-16T21:17:39","date_gmt":"2015-11-16T20:17:39","guid":{"rendered":"http:\/\/francoishu.cluster005.ovh.net\/?page_id=320"},"modified":"2018-04-04T17:39:17","modified_gmt":"2018-04-04T16:39:17","slug":"repertoire-chambre","status":"publish","type":"page","link":"https:\/\/www.francoisdumont.com\/en\/repertoire-chambre\/","title":{"rendered":"(Fran\u00e7ais) R\u00e9pertoire"},"content":{"rendered":"<p><\/p>\n<header class=\"site-content-header site-content-header--secondary\">\n<nav class=\"page-fence\">\n<ul id=\"menu-albums-types\" class=\"menu menu--archive\">\n<li id=\"menu-item-194\" class=\"menu-item menu-item-type-custom menu-item-object-custom first-item menu-item-194\"><a href=\"http:\/\/francoishu.cluster005.ovh.net\/repertoire-solo\/\">Solo<\/a><\/li>\n<li id=\"menu-item-195\" class=\"menu-item menu-item-type-custom menu-item-object-custom menu-item-195\"><a href=\"http:\/\/francoishu.cluster005.ovh.net\/repertoire-concerto\/\">Concerto<\/a><\/li>\n<li id=\"menu-item-196\" class=\"menu-item menu-item-type-custom menu-item-object-custom last-item menu-item-196 current-menu-item\"><a href=\"http:\/\/francoishu.cluster005.ovh.net\/repertoire-chambre\/\">Chambre<\/a><\/li>\n<\/ul>\n<\/nav>\n<\/header>\n<h2><\/h2>\n<p><a href=\"http:\/\/www.francoisdumont.com\/wp-content\/uploads\/2015\/09\/banniere-repertoire-solo1.jpg\"><img loading=\"lazy\" decoding=\"async\" class=\"alignnone wp-image-1014 size-full\" src=\"http:\/\/www.francoisdumont.com\/wp-content\/uploads\/2015\/09\/banniere-repertoire-solo1.jpg\" alt=\"\" width=\"1600\" height=\"600\" srcset=\"https:\/\/www.francoisdumont.com\/wp-content\/uploads\/2015\/09\/banniere-repertoire-solo1.jpg 1600w, https:\/\/www.francoisdumont.com\/wp-content\/uploads\/2015\/09\/banniere-repertoire-solo1-300x113.jpg 300w, https:\/\/www.francoisdumont.com\/wp-content\/uploads\/2015\/09\/banniere-repertoire-solo1-1024x384.jpg 1024w\" sizes=\"auto, (max-width: 1600px) 100vw, 1600px\" \/><\/a><\/p>\n<hr \/>\n<table>\n<tbody>\n<tr>\n<td>\n<h3>Arensky<\/h3>\n<p>Trio avec piano en r\u00e9 mineur<\/p>\n<h3>Bart\u00f3k<\/h3>\n<p>Contrastes (avec clarinette et violon)<\/p>\n<h3>Beethoven<\/h3>\n<p>Int\u00e9grale des sonates pour violon et piano<br \/>\nInt\u00e9grale des sonates pour violoncelle et piano<br \/>\nInt\u00e9grale des trios avec piano<\/p>\n<h3>Bacri<\/h3>\n<p>Int\u00e9grale des 4 trios avec piano<br \/>\nSonate n\u00b02 pour violon et piano<\/p>\n<h3>Brahms<\/h3>\n<p>Sonate pour violon et piano n\u00b01 et n\u00b03, Op. 78 &amp; 100<br \/>\nSonate pour violoncelle et piano n\u00b01 en mi mineur, Op. 38<br \/>\nTrios avec piano n\u00b01 et n\u00b02, Op. 8 &amp; 87<br \/>\nQuatuor avec piano n\u00b02 en ut mineur, Op. 26<br \/>\nQuintette en fa mineur, Op. 34<br \/>\nSonates pour alto (ou clarinette) et piano n\u00b01 et n\u00b02, Op. 120<\/p>\n<h3>Berg<\/h3>\n<p>Pi\u00e8ces pour clarinette et piano<\/p>\n<h3>Bloch<\/h3>\n<p>3 Nocturnes (pour trio)<\/p>\n<h3>Chausson<\/h3>\n<p>Trio avec piano, Op. 3<br \/>\nConcert pour piano, violon, et quatuor \u00e0 cordes en r\u00e9 majeur, Op. 21<br \/>\nPo\u00e8me pour violon, Op. 25 (version piano)<\/p>\n<h3>Debussy<\/h3>\n<p>Sonate pour violon et piano<br \/>\nSonate pour violoncelle et piano<\/p>\n<h3>Dusapin<\/h3>\n<p>Trio Rombach<\/p>\n<h3>Dvor\u00e1k<\/h3>\n<p>Trio Dumky, Op. 90<br \/>\nZigeuner Lieder (cycle pour chant et piano)<\/p>\n<h3>Enesco<\/h3>\n<p>Sonate pour violon et piano n\u00b03 en la mineur, &#8220;dans le caract\u00e8re populaire roumain&#8221;<\/p>\n<h3>Falla<\/h3>\n<p>Siete canciones populares espa\u00f1olas<\/p>\n<h3>Glinka<\/h3>\n<p>Trio avec clarinette<\/p>\n<h3>Grieg<\/h3>\n<p>Sonate pour violon et piano n\u00b03 en ut mineur, Op. 45<\/p>\n<h3>Faur\u00e9<\/h3>\n<p>Sonate pour violon et piano n\u00b01 en la majeur, Op. 13<br \/>\nTrio avec piano en r\u00e9 mineur, Op. 120<\/p>\n<h3>C. Franck<\/h3>\n<p>Sonate pour violon et piano<br \/>\nQuintette avec piano<\/p>\n<h3>Haydn<\/h3>\n<p>&#8220;Zigeuner&#8221;-Trio<\/p>\n<h3>Jan\u00e1\u010dek<\/h3>\n<p>Sonate pour violon et piano<\/p>\n<h3>Kagel<\/h3>\n<p>Trio avec piano n\u00b02<\/td>\n<td>\n<h3>Khatchaturian<\/h3>\n<p>Trio avec clarinette<\/p>\n<h3>Kurt\u00e1g<\/h3>\n<p>Pi\u00e8ces avec clarinette et alto<\/p>\n<h3>Lekeu<\/h3>\n<p>Sonate pour violon et piano<\/p>\n<h3>Murail<\/h3>\n<p>Vues a\u00e9riennes (trio avec piano et cor)<\/p>\n<h3>Mendelssohn<\/h3>\n<p>Trio n\u00b0 1 en r\u00e9 mineur, Op. 49<\/p>\n<h3>Fanny Mendelssohn<\/h3>\n<p>Quatuor avec piano<\/p>\n<h3>O. Messiaen<\/h3>\n<p>Quatuor pour la fin du temps<\/p>\n<h3>Mozart<\/h3>\n<p>Int\u00e9grale des sonates pour violon et piano<br \/>\nTrio K. 498 &#8220;Kegelstatt&#8221; (Les Quilles)<br \/>\nTrio en si b\u00e9mol majeur, K. 502<br \/>\nQuatuor en sol mineur, K. 478<br \/>\nQuintette avec vents<\/p>\n<h3>Prokofiev<\/h3>\n<p>Cinq m\u00e9lodies pour violon et piano<br \/>\nSonate pour violon et piano n\u00b02, Op. 94bis<\/p>\n<h3>Poulenc<\/h3>\n<p>Sonate pour clarinette et piano<br \/>\nSonate pour fl\u00fbte et piano<\/p>\n<h3>Rachmaninov<\/h3>\n<p>Trio n\u00b01, &#8220;\u00c9l\u00e9giaque&#8221;<\/p>\n<h3>Ravel<\/h3>\n<p>Trio pour violon, violoncelle et piano<br \/>\nSonate pour violon et piano n\u00b02<\/p>\n<h3>Rimski-Korsakov<\/h3>\n<p>Trio avec piano<\/p>\n<h3>Schubert<\/h3>\n<p>Fantaisie pour violon et piano, D. 934<br \/>\nTrios avec piano n\u00b01 et n\u00b02, D. 898, D. 929<br \/>\nSonate pour arpeggione et piano en la mineur, D. 821<br \/>\nQuintette en la majeur, D. 667 &#8220;La Truite&#8221;<br \/>\nNotturno (pour trio)<br \/>\nDer Hirt auf dem Felsen, D. 965<\/p>\n<h3>Schumann<\/h3>\n<p>Quintette avec piano, Op. 44<br \/>\nQuatuor avec piano, Op. 47<br \/>\nSonate pour violon et piano n\u00b0 1 en la mineur, Op. 105<br \/>\nTrio n\u00b0 1 en r\u00e9 mineur, Op. 63<br \/>\nFantasiest\u00fccke, Op. 73<br \/>\nM\u00e4rchenerz\u00e4hlungen, Op. 132<br \/>\nM\u00e4rchenbilder, Op. 113<br \/>\nFrauenliebe und -Leben, Op. 42<\/p>\n<h3>Chostakovitch<\/h3>\n<p>Trio n\u00b01<\/p>\n<h3>Eric Tanguy<\/h3>\n<p>\u00c9vocations pour violoncelle et piano<\/p>\n<h3>Tchaikovski<\/h3>\n<p>Trio avec piano<\/td>\n<\/tr>\n<\/tbody>\n<\/table>\n<p><\/p>","protected":false},"excerpt":{"rendered":"<p>Solo Concerto Chambre Arensky Trio avec piano en r\u00e9 mineur Bart\u00f3k Contrastes (avec clarinette et violon) Beethoven Int\u00e9grale des sonates pour violon et piano Int\u00e9grale des sonates pour violoncelle et piano Int\u00e9grale des trios avec piano Bacri Int\u00e9grale des 4 trios avec piano Sonate n\u00b02 pour violon et piano Brahms Sonate pour violon et piano [&hellip;]<\/p>\n","protected":false},"author":1,"featured_media":0,"parent":0,"menu_order":10,"comment_status":"closed","ping_status":"closed","template":"templates\/full-width.php","meta":{"jetpack_post_was_ever_published":false,"footnotes":""},"class_list":["post-320","page","type-page","status-publish","hentry"],"jetpack_sharing_enabled":true,"jetpack_shortlink":"https:\/\/wp.me\/P6JzCj-5a","_links":{"self":[{"href":"https:\/\/www.francoisdumont.com\/en\/wp-json\/wp\/v2\/pages\/320","targetHints":{"allow":["GET"]}}],"collection":[{"href":"https:\/\/www.francoisdumont.com\/en\/wp-json\/wp\/v2\/pages"}],"about":[{"href":"https:\/\/www.francoisdumont.com\/en\/wp-json\/wp\/v2\/types\/page"}],"author":[{"embeddable":true,"href":"https:\/\/www.francoisdumont.com\/en\/wp-json\/wp\/v2\/users\/1"}],"replies":[{"embeddable":true,"href":"https:\/\/www.francoisdumont.com\/en\/wp-json\/wp\/v2\/comments?post=320"}],"version-history":[{"count":13,"href":"https:\/\/www.francoisdumont.com\/en\/wp-json\/wp\/v2\/pages\/320\/revisions"}],"predecessor-version":[{"id":1026,"href":"https:\/\/www.francoisdumont.com\/en\/wp-json\/wp\/v2\/pages\/320\/revisions\/1026"}],"wp:attachment":[{"href":"https:\/\/www.francoisdumont.com\/en\/wp-json\/wp\/v2\/media?parent=320"}],"curies":[{"name":"wp","href":"https:\/\/api.w.org\/{rel}","templated":true}]}}